{"id":61,"date":"2023-09-29T10:00:20","date_gmt":"2023-09-29T10:00:20","guid":{"rendered":"http:\/\/oga.sillustanirestaurant.com\/?page_id=61"},"modified":"2024-06-21T16:23:52","modified_gmt":"2024-06-21T16:23:52","slug":"responsabilidad","status":"publish","type":"page","link":"https:\/\/gestionambiental.unap.edu.pe\/?page_id=61","title":{"rendered":"Gesti\u00f3n Ambiental"},"content":{"rendered":"\n<div class=\"wp-block-columns\">\n<div class=\"wp-block-column\">\n<div class=\"wp-block-cover has-vivid-green-cyan-background-color has-background-dim\" style=\"min-height:321px\"><div class=\"wp-block-cover__inner-container\">\n<p class=\"has-text-align-center has-large-font-size\"><img loading=\"lazy\" width=\"900\" height=\"900\" class=\"wp-image-730\" style=\"width: 150px;\" src=\"http:\/\/gestionambiental.unap.edu.pe\/wp-content\/uploads\/2023\/10\/energia-2.png\" alt=\"\"><\/p>\n<\/div><\/div>\n\n\n\n<p class=\"has-text-align-center\"><strong>Energ\u00eda<\/strong><\/p>\n<\/div>\n\n\n\n<div class=\"wp-block-column\">\n<div class=\"wp-block-cover has-light-green-cyan-background-color has-background-dim\" style=\"min-height:324px\"><div class=\"wp-block-cover__inner-container\">\n<p class=\"has-text-align-center has-large-font-size\"><img loading=\"lazy\" width=\"512\" height=\"512\" class=\"wp-image-750\" style=\"width: 150px;\" src=\"http:\/\/gestionambiental.unap.edu.pe\/wp-content\/uploads\/2023\/10\/agua-4.png\" alt=\"\"><\/p>\n<\/div><\/div>\n\n\n\n<p class=\"has-text-align-center\"><strong>Agua<\/strong><\/p>\n<\/div>\n\n\n\n<div class=\"wp-block-column\">\n<div class=\"wp-block-cover has-vivid-green-cyan-background-color has-background-dim\" style=\"min-height:324px\"><div class=\"wp-block-cover__inner-container\">\n<p class=\"has-text-align-center has-large-font-size\"><img loading=\"lazy\" width=\"840\" height=\"1182\" class=\"wp-image-748\" style=\"width: 150px;\" src=\"http:\/\/gestionambiental.unap.edu.pe\/wp-content\/uploads\/2023\/10\/papel-3.png\" alt=\"\"><\/p>\n<\/div><\/div>\n\n\n\n<p class=\"has-text-align-center\"><strong>Papel<\/strong><\/p>\n<\/div>\n<\/div>\n\n\n\n<div class=\"wp-block-columns\">\n<div class=\"wp-block-column\">\n<div class=\"wp-block-cover has-vivid-green-cyan-background-color has-background-dim\" style=\"min-height:286px\"><div class=\"wp-block-cover__inner-container\">\n<p class=\"has-text-align-center has-large-font-size\"><img loading=\"lazy\" width=\"200\" height=\"160\" class=\"wp-image-752\" style=\"width: 150px;\" src=\"http:\/\/gestionambiental.unap.edu.pe\/wp-content\/uploads\/2023\/10\/plastico-2.png\" alt=\"\"><\/p>\n<\/div><\/div>\n\n\n\n<p class=\"has-text-align-center\"><strong>Pl\u00e1stico<\/strong><\/p>\n<\/div>\n\n\n\n<div class=\"wp-block-column\">\n<div class=\"wp-block-cover has-light-green-cyan-background-color has-background-dim\" style=\"min-height:285px\"><div class=\"wp-block-cover__inner-container\">\n<p class=\"has-text-align-center has-large-font-size\"><img loading=\"lazy\" width=\"620\" height=\"321\" class=\"wp-image-734\" style=\"width: 150px;\" src=\"http:\/\/gestionambiental.unap.edu.pe\/wp-content\/uploads\/2023\/10\/residuos-solidos-1.png\" alt=\"\"><\/p>\n<\/div><\/div>\n\n\n\n<p class=\"has-text-align-center\"><strong>Residuos S\u00f3lidos <\/strong><\/p>\n<\/div>\n\n\n\n<div class=\"wp-block-column\">\n<div class=\"wp-block-cover has-vivid-green-cyan-background-color has-background-dim\" style=\"min-height:288px\"><div class=\"wp-block-cover__inner-container\">\n<p class=\"has-text-align-center has-large-font-size\"><img loading=\"lazy\" width=\"1024\" height=\"768\" class=\"wp-image-755\" style=\"width: 150px;\" src=\"http:\/\/gestionambiental.unap.edu.pe\/wp-content\/uploads\/2023\/10\/areas-verdes-2.jpeg\" alt=\"\"><\/p>\n<\/div><\/div>\n\n\n\n<p class=\"has-text-align-center\"><strong>\u00c1reas Verdes<\/strong><\/p>\n<\/div>\n<\/div>\n\n\n\n<p><strong>ENERG\u00cdA<\/strong><\/p>\n\n\n\n<p>La Universidad Nacional del Altiplano cuenta con fuentes de energ\u00eda renovables instaladas y utilizadas en la ciudad universitaria y centros experimentales y el uso de fuentes de energ\u00eda renovables es clave para la sostenibilidad y la mitigaci\u00f3n del cambio clim\u00e1tico. por ende, la universidad se une a la tendencia mundial de utilizar energ\u00edas renovables para reducir la huella de carbono y proteger el medio ambiente. <\/p>\n\n\n\n<figure class=\"wp-block-table\"><table><tbody><tr><td><a href=\"https:\/\/drive.google.com\/file\/d\/1bMwlS8NgbTsUJ56dBjFNf07yz1WKgsDP\/view?usp=sharing\">https:\/\/drive.google.com\/file\/d\/1bMwlS8NgbTsUJ56dBjFNf07yz1WKgsDP\/view?usp=sharing<\/a> &#8211; Paneles solares del laboratorio de ingenier\u00eda Qu\u00edmica.<\/td><\/tr><\/tbody><\/table><\/figure>\n\n\n\n<p><strong>AGUA<\/strong><\/p>\n\n\n\n<p>La Universidad Nacional del Altiplano ha implementado diversas medidas para el uso eficiente del agua, como la instalaci\u00f3n de grifos ahorradores, inodoros con descarga de alta eficiencia y el riego de \u00e1reas verdes en horas de menor calor. Adem\u00e1s, la universidad ha trabajado en la sensibilizaci\u00f3n del uso y ahorro de agua en coordinaci\u00f3n con SUNASS, y la implementaci\u00f3n de estas medidas es fundamental para la sostenibilidad y la protecci\u00f3n del medio ambiente. El uso eficiente del agua contribuye a la promoci\u00f3n de pr\u00e1cticas m\u00e1s sostenibles.<\/p>\n\n\n\n<figure class=\"wp-block-table\"><table><tbody><tr><td><a href=\"https:\/\/drive.google.com\/file\/d\/1xMBgBRLr2tfOtLrrqQFKcbXB8d7du0mJ\/view?usp=sharing\">https:\/\/drive.google.com\/file\/d\/1xMBgBRLr2tfOtLrrqQFKcbXB8d7du0mJ\/view?usp=sharing<\/a> &#8211; uso de inodoros de alta eficiencia.<\/td><\/tr><\/tbody><\/table><\/figure>\n\n\n\n<figure class=\"wp-block-table\"><table><tbody><tr><td><a href=\"https:\/\/gestionambiental.unap.edu.pe\/?eventos=primera-charla-informativa-yo-cuido-el-agua\">https:\/\/gestionambiental.unap.edu.pe\/?eventos=primera-charla-informativa-yo-cuido-el-agua<\/a> &#8211; Charla informativa \u00abyo cuido el agua\u00bb.&nbsp;<a href=\"https:\/\/drive.google.com\/file\/d\/1FzEpU_FscDmDTp6uZ5f8C-BhW1KQiP5Z\/view?usp=sharing\">https:\/\/drive.google.com\/file\/d\/1FzEpU_FscDmDTp6uZ5f8C-BhW1KQiP5Z\/view?usp=sharing<\/a> &#8211; Charla informativa con la SUNASS.<\/td><\/tr><\/tbody><\/table><\/figure>\n\n\n\n<figure class=\"wp-block-table\"><table><tbody><tr><td><a href=\"https:\/\/drive.google.com\/file\/d\/1veD1UDDfEfU_X2k58ke1EXwfCGcIYUtu\/view?usp=sharing\">https:\/\/drive.google.com\/file\/d\/1veD1UDDfEfU_X2k58ke1EXwfCGcIYUtu\/view?usp=sharing<\/a> &#8211; Fotograf\u00eda de sensibilizaci\u00f3n con la SUNASS.<\/td><\/tr><\/tbody><\/table><\/figure>\n\n\n\n<figure class=\"wp-block-table\"><table><tbody><tr><td><a href=\"https:\/\/gestionambiental.unap.edu.pe\/?eventos=ahorro-y-cuido-el-agua\">https:\/\/gestionambiental.unap.edu.pe\/?eventos=ahorro-y-cuido-el-agua<\/a> &#8211; Volanteo y sensibilizaci\u00f3n sobre el uso eficiente del agua en la ciudad de Puno.<\/td><\/tr><\/tbody><\/table><\/figure>\n\n\n\n<p><strong>PAPEL<\/strong><\/p>\n\n\n\n<p>La Universidad Nacional del Altiplano ha implementado la presentaci\u00f3n en formato digital de estudios y tesis de pregrado y posgrado. Esto permite una mayor accesibilidad y facilidad de almacenamiento y distribuci\u00f3n de los trabajos acad\u00e9micos. Adem\u00e1s, la universidad ha establecido una pol\u00edtica de reutilizaci\u00f3n de papel en sus oficinas administrativas. Esta pol\u00edtica busca reducir el consumo de papel y fomentar pr\u00e1cticas m\u00e1s sostenibles en el \u00e1mbito universitario. La implementaci\u00f3n de estas medidas es un ejemplo de c\u00f3mo las instituciones pueden contribuir a la sostenibilidad y la protecci\u00f3n del medio ambiente.<\/p>\n\n\n\n<figure class=\"wp-block-table\"><table><tbody><tr><td><a href=\"https:\/\/gestionambiental.unap.edu.pe\/?eventos=taller-de-capacitacion-de-asociacion-de-fotocopiadoras-de-la-una-puno\">https:\/\/gestionambiental.unap.edu.pe\/?eventos=taller-de-capacitacion-de-asociacion-de-fotocopiadoras-de-la-una-puno<\/a> &nbsp; &#8211; Taller de capacitaci\u00f3n de asociaci\u00f3n de fotocopiadoras de la UNA \u2013 Puno.<br> <a href=\"https:\/\/drive.google.com\/file\/d\/17RnFZRO4sgsyE0zpf4xhcvKDIlgzfsu8\/view?usp=sharing\">https:\/\/drive.google.com\/file\/d\/17RnFZRO4sgsyE0zpf4xhcvKDIlgzfsu8\/view?usp=sharing<\/a> &#8211; Relaci\u00f3n del personal asistente a la capacitaci\u00f3n. <\/td><\/tr><\/tbody><\/table><\/figure>\n\n\n\n<figure class=\"wp-block-table\"><table><tbody><tr><td><a href=\"https:\/\/www.youtube.com\/watch?v=v75AYoo5yEk\">https:\/\/www.youtube.com\/watch?v=v75AYoo5yEk<\/a> &#8211; Spot de ecoeficiencia de papel.<\/td><\/tr><\/tbody><\/table><\/figure>\n\n\n\n<p><strong>PL\u00c1STICO<\/strong><\/p>\n\n\n\n<p>La Universidad Nacional del Altiplano ha implementado la Resoluci\u00f3n Rectoral 1387-2018-R-UNA, que proh\u00edbe el ingreso de pl\u00e1sticos de un solo uso a la ciudad universitaria. Adem\u00e1s, los 60 quioscos que existen dentro de la ciudad universitaria est\u00e1n prohibidos de vender bolsas de pl\u00e1stico. Asimismo, cada estudiante debe contar con un tomatodo para abastecerse de agua filtrada y purificaci\u00f3n que existe dentro de la ciudad universitaria. Estas medidas buscan reducir el consumo de pl\u00e1stico y fomentar pr\u00e1cticas m\u00e1s sostenibles en el \u00e1mbito universitario.<\/p>\n\n\n\n<figure class=\"wp-block-table\"><table><tbody><tr><td><a href=\"https:\/\/gestionambiental.unap.edu.pe\/?eventos=monitoreo-de-cero-bolsas-de-plastico-de-un-solo-uso-y-recipientes-o-envases-descartables-y-uso-de-botellas-de-sobrevivencia-tomatodo-por-la-poblacion-universitaria\">https:\/\/gestionambiental.unap.edu.pe\/?eventos=monitoreo-de-cero-bolsas-de-plastico-de-un-solo-uso-y-recipientes-o-envases-descartables-y-uso-de-botellas-de-sobrevivencia-tomatodo-por-la-poblacion-universitaria<\/a> &#8211; MONITOREO DE CERO BOLSAS DE PL\u00c1STICO DE UN SOLO USO Y RECIPIENTES O ENVASES DESCARTABLES Y USO DE BOTELLAS DE SOBREVIVENCIA (TOMATODO) POR LA POBLACI\u00d3N UNIVERSITARIA.<\/td><\/tr><\/tbody><\/table><\/figure>\n\n\n\n<figure class=\"wp-block-table\"><table><tbody><tr><td><a href=\"https:\/\/gestionambiental.unap.edu.pe\/?eventos=promocion-del-uso-de-botellas-de-sobrevivencia-tomatodos\">https:\/\/gestionambiental.unap.edu.pe\/?eventos=promocion-del-uso-de-botellas-de-sobrevivencia-tomatodos<\/a> &#8211; Promoci\u00f3n del uso de botellas de sobrevivencia (Tomatodo).<\/td><\/tr><\/tbody><\/table><\/figure>\n\n\n\n<figure class=\"wp-block-table\"><table><tbody><tr><td><a href=\"https:\/\/drive.google.com\/file\/d\/1Clto7hEuzWHTPEowNcoHO1zIKWei_ARQ\/view?usp=sharing\">https:\/\/drive.google.com\/file\/d\/1Clto7hEuzWHTPEowNcoHO1zIKWei_ARQ\/view?usp=sharing<\/a> &#8211; Reportaje del dispensador.<\/td><\/tr><\/tbody><\/table><\/figure>\n\n\n\n<figure class=\"wp-block-table\"><table><tbody><tr><td><a href=\"https:\/\/gestionambiental.unap.edu.pe\/?eventos=uso-de-utensilios-biodegradables-y-reutilizables-en-quioscos-de-la-universidad\">https:\/\/gestionambiental.unap.edu.pe\/?eventos=uso-de-utensilios-biodegradables-y-reutilizables-en-quioscos-de-la-universidad<\/a> &#8211; Uso de utensilios biodegradables y reutilizables en Quioscos de la Universidad.<\/td><\/tr><\/tbody><\/table><\/figure>\n\n\n\n<p><strong>RESIDUOS S\u00d3LIDOS<\/strong><\/p>\n\n\n\n<p>La Universidad Nacional del Altiplano cuenta con un sistema de gesti\u00f3n ambiental para el manejo de residuos s\u00f3lidos comunes, biocontaminados y peligrosos. El sistema de recolecci\u00f3n de residuos comunes es semiautomatizado, ya que el carro compactador posee un sistema de alza contenedores. La implementaci\u00f3n de este sistema en la gesti\u00f3n de residuos s\u00f3lidos es fundamental para la sostenibilidad y la protecci\u00f3n del medio ambiente. Por ende, la universidad contribuye a la reducci\u00f3n de la contaminaci\u00f3n ambiental y la promoci\u00f3n de pr\u00e1cticas m\u00e1s sostenibles.<\/p>\n\n\n\n<figure class=\"wp-block-table\"><table><tbody><tr><td><a href=\"https:\/\/www.facebook.com\/photo\/?fbid=516568823808565&amp;set=pcb.516569493808498\">https:\/\/www.facebook.com\/photo\/?fbid=516568823808565&amp;set=pcb.516569493808498<\/a> &#8211; Recolecci\u00f3n de Residuos S\u00f3lidos aprovechables.<\/td><\/tr><\/tbody><\/table><\/figure>\n\n\n\n<figure class=\"wp-block-table\"><table><tbody><tr><td><a href=\"https:\/\/www.facebook.com\/OCGAS\/photos\/a.602433763289757\/1937371773129276\/\">https:\/\/www.facebook.com\/OCGAS\/photos\/a.602433763289757\/1937371773129276\/<\/a> &#8211; Taller de \u00abIMPLEMENTACION DE PROTOCOLOS DE MANEJO DE RESIDUOS BIOCONTAMINADOS Y PELIGROSOS, DIRIGIDO A LABORATORISTAS DE LA UNIVERSIDAD NACIONAL DEL ALTIPLANO DE PUNO\u00bb.<\/td><\/tr><\/tbody><\/table><\/figure>\n\n\n\n<p><strong>\u00c1REAS VERDES<\/strong> <\/p>\n\n\n\n<p>La Universidad Nacional del Altiplano cuenta con un total de 18.4 hect\u00e1reas de terreno, de las cuales 6.06 hect\u00e1reas corresponden al bosque universitario y 4.62 hect\u00e1reas a parques, alamedas, plazas, campus deportivo, entre otros, lo que suma un total de 10.68 hect\u00e1reas de \u00e1reas verdes. Dado que la poblaci\u00f3n aproximada de la ciudad universitaria es de 16,782 personas, entre docentes, estudiantes y personal administrativo. Cada uno tendr\u00eda asignado un \u00e1rea verde de 6.64 metros cuadrados.<\/p>\n\n\n\n<p>La presencia de \u00e1reas verdes en la universidad es fundamental para la sostenibilidad y la protecci\u00f3n del medio ambiente. Las \u00e1reas verdes contribuyen a la reducci\u00f3n de la contaminaci\u00f3n ambiental, la promoci\u00f3n de pr\u00e1cticas m\u00e1s sostenibles y el bienestar de la comunidad universitaria.<\/p>\n\n\n\n<figure class=\"wp-block-image size-full is-style-default\"><img loading=\"lazy\" width=\"1587\" height=\"1122\" src=\"https:\/\/gestionambiental.unap.edu.pe\/wp-content\/uploads\/2023\/10\/croquis.jpg\" alt=\"\" class=\"wp-image-770\"\/><\/figure>\n","protected":false},"excerpt":{"rendered":"<p>Energ\u00eda Agua Papel Pl\u00e1stico Residuos S\u00f3lidos \u00c1reas Verdes ENERG\u00cdA La Universidad Nacional del Altiplano cuenta con fuentes de energ\u00eda renovables instaladas y utilizadas en la ciudad universitaria y centros experimentales y el uso de fuentes de energ\u00eda renovables es clave para la sostenibilidad y la mitigaci\u00f3n del cambio clim\u00e1tico. por ende, la universidad se une [&hellip;]<\/p>\n","protected":false},"author":1,"featured_media":767,"parent":0,"menu_order":0,"comment_status":"closed","ping_status":"closed","template":"","meta":{"_links_to":"","_links_to_target":""},"acf":[],"_links":{"self":[{"href":"https:\/\/gestionambiental.unap.edu.pe\/index.php?rest_route=\/wp\/v2\/pages\/61"}],"collection":[{"href":"https:\/\/gestionambiental.unap.edu.pe\/index.php?rest_route=\/wp\/v2\/pages"}],"about":[{"href":"https:\/\/gestionambiental.unap.edu.pe\/index.php?rest_route=\/wp\/v2\/types\/page"}],"author":[{"embeddable":true,"href":"https:\/\/gestionambiental.unap.edu.pe\/index.php?rest_route=\/wp\/v2\/users\/1"}],"replies":[{"embeddable":true,"href":"https:\/\/gestionambiental.unap.edu.pe\/index.php?rest_route=%2Fwp%2Fv2%2Fcomments&post=61"}],"version-history":[{"count":44,"href":"https:\/\/gestionambiental.unap.edu.pe\/index.php?rest_route=\/wp\/v2\/pages\/61\/revisions"}],"predecessor-version":[{"id":817,"href":"https:\/\/gestionambiental.unap.edu.pe\/index.php?rest_route=\/wp\/v2\/pages\/61\/revisions\/817"}],"wp:featuredmedia":[{"embeddable":true,"href":"https:\/\/gestionambiental.unap.edu.pe\/index.php?rest_route=\/wp\/v2\/media\/767"}],"wp:attachment":[{"href":"https:\/\/gestionambiental.unap.edu.pe\/index.php?rest_route=%2Fwp%2Fv2%2Fmedia&parent=61"}],"curies":[{"name":"wp","href":"https:\/\/api.w.org\/{rel}","templated":true}]}}