{"id":63,"date":"2022-09-17T15:16:08","date_gmt":"2022-09-17T15:16:08","guid":{"rendered":"http:\/\/oga.sillustanirestaurant.com\/?page_id=63"},"modified":"2025-09-30T13:58:22","modified_gmt":"2025-09-30T13:58:22","slug":"nosotros","status":"publish","type":"page","link":"https:\/\/gestionambiental.unap.edu.pe\/?page_id=63","title":{"rendered":"\u00bfQui\u00e9nes somos?"},"content":{"rendered":"\n<p><strong> Gesti\u00f3n Ambiental: <\/strong>Encargada de planificar, ejecutar, supervisar y evaluar todo lo referente a la gesti\u00f3n de calidad, gesti\u00f3n ambiental y desarrollo sostenible de la Universidad Nacional del Altiplano &#8211; Puno.<\/p>\n\n\n\n<figure class=\"wp-block-embed aligncenter is-type-video is-provider-youtube wp-block-embed-youtube wp-embed-aspect-16-9 wp-has-aspect-ratio\"><div class=\"wp-block-embed__wrapper\">\n<iframe loading=\"lazy\" title=\"USO DE TOMATODOS PARA EL CUMPLIMIENTO DE LA POL\u00cdTICA AMBIENTAL\" width=\"500\" height=\"281\" src=\"https:\/\/www.youtube.com\/embed\/r2y4OgbyGUY?feature=oembed\" frameborder=\"0\" allow=\"accelerometer; autoplay; clipboard-write; encrypted-media; gyroscope; picture-in-picture; web-share\" referrerpolicy=\"strict-origin-when-cross-origin\" allowfullscreen><\/iframe>\n<\/div><\/figure>\n\n\n\n<div class=\"wp-block-media-text alignwide is-stacked-on-mobile is-vertically-aligned-center\" style=\"grid-template-columns:30% auto\"><figure class=\"wp-block-media-text__media\"><img loading=\"lazy\" width=\"467\" height=\"144\" src=\"https:\/\/gestionambiental.unap.edu.pe\/wp-content\/uploads\/2023\/09\/MISION.png\" alt=\"\" class=\"wp-image-599 size-full\"\/><\/figure><div class=\"wp-block-media-text__content\">\n<p class=\"has-text-align-center\">La Direcci\u00f3n de Proyecci\u00f3n Social y Extensi\u00f3n Cultural es generadora de la interacci\u00f3n con la comunidad para el desarrollo regional a trav\u00e9s de la ciencia, la tecnolog\u00eda y las expresiones culturales como parte de la labor acad\u00e9mica y de investigaci\u00f3n en el marco de la proyecci\u00f3n social y extensi\u00f3n cultural sostenible.<\/p>\n<\/div><\/div>\n\n\n\n<div class=\"wp-block-media-text alignwide has-media-on-the-right is-stacked-on-mobile\" style=\"grid-template-columns:auto 31%\"><figure class=\"wp-block-media-text__media\"><img loading=\"lazy\" width=\"467\" height=\"144\" src=\"https:\/\/gestionambiental.unap.edu.pe\/wp-content\/uploads\/2023\/09\/VISION.png\" alt=\"\" class=\"wp-image-601 size-full\"\/><\/figure><div class=\"wp-block-media-text__content\">\n<p class=\"has-text-align-center\">La Direcci\u00f3n de Proyecci\u00f3n Social y Extensi\u00f3n Cultural fortalece el desarrollo de la regi\u00f3n, bajo los principios de la ciencia, la tecnolog\u00eda, los valores culturales y la investigaci\u00f3n, en el marco de una responsabilidad social sostenible.<\/p>\n<\/div><\/div>\n\n\n\n<div class=\"wp-block-columns\">\n<div class=\"wp-block-column\">\n<h2><strong>Equipo de Gesti\u00f3n Ambiental  <\/strong> <\/h2>\n\n\n\n<p>\ud83d\udd34 M.Sc. Marco Alexis Vera Zu\u00f1iga &#8211; Jefe <\/p>\n\n\n\n<p>\ud83d\udd34 Blgo. C\u00e9sar Lipa Luque &#8211; Coordinador <\/p>\n\n\n\n<p>\ud83d\udd34 Blga. Nataly Irene Mestas Gutierrez &#8211; Laboratorista <\/p>\n\n\n\n<p>\ud83d\udd34 Sra. Tamara Lazo Ch\u00e1vez &#8211; Secretaria<\/p>\n<\/div>\n<\/div>\n\n\n\n<h2><strong> <strong>Practicantes 2024 &#8211; II<\/strong>  <\/strong>  <\/h2>\n\n\n\n<p>\ud83d\udd34  Nuit Minerva Quispe Sucasaca &#8211; Ciencias de la Comunicaci\u00f3n Social<\/p>\n\n\n\n<p>\ud83d\udd34   Roger Carlos Cabrera Hinojosa &#8211; Ciencias de la Comunicaci\u00f3n Social<\/p>\n\n\n\n<p>\ud83d\udd34   Yoel Aderly Catunta Leqque &#8211; Ciencias de la Comunicaci\u00f3n Social<\/p>\n\n\n\n<p>\ud83d\udd34   &nbsp;Yonhy Froilan Santos Mamani &#8211; Biolog\u00eda<\/p>\n\n\n\n<p>\ud83d\udd34   Edith Marisol Condori Ramirez &#8211; Biolog\u00eda<\/p>\n\n\n\n<p>\ud83d\udd34   Elian Katherin Cusacani Cotrado &#8211; Biolog\u00eda<\/p>\n\n\n\n<p> \ud83d\udd34   Henry Gonzalo Mamani &#8211; Ingenier\u00eda Qu\u00edmica <\/p>\n\n\n\n<p> \ud83d\udd34   Joel Cristhian Luna Pilco &#8211; Ingenier\u00eda Agron\u00f3mica<\/p>\n\n\n\n<p> \ud83d\udd34   Francisca Quispe Mayta &#8211; Ingenier\u00eda Agron\u00f3mica <\/p>\n\n\n\n<p><strong>Practicantes 2024 &#8211; II<\/strong>  <\/p>\n\n\n\n<p><strong> <\/strong> \ud83d\udd34  Royer Quispe Calcina &#8211; Ingenier\u00eda de Sistemas<\/p>\n\n\n\n<p><strong> <\/strong> \ud83d\udd34  Yoely Lisbeth Mamani Ramos &#8211;  Ciencias de la Comunicaci\u00f3n Social <\/p>\n\n\n\n<p><strong> <\/strong> \ud83d\udd34  Deizy Perla Bustinza Valeriano &#8211;  Ciencias de la Comunicaci\u00f3n Social <\/p>\n\n\n\n<p>  <strong>Practicantes 2025 &#8211; I<\/strong> <\/p>\n\n\n\n<p>  \ud83d\udd34  Miguel Angel Mamani Mamani <strong>\u2013 <\/strong>Biolog\u00eda<\/p>\n\n\n\n<p>  \ud83d\udd34  Wilber Ccahua Quispe <strong>\u2013 <\/strong>Biolog\u00eda<\/p>\n\n\n\n<p>  \ud83d\udd34  Dayane Pamela Vel\u00e1squez Parillo <strong>\u2013<\/strong> Ingenier\u00eda Qu\u00edmica <\/p>\n\n\n\n<p>  \ud83d\udd34  Zenaida Condori Quispe <strong>\u2013 <\/strong>Antropolog\u00eda<\/p>\n\n\n\n<p>  \ud83d\udd34  Alex Choque Condori <strong>\u2013 <\/strong>Antropolog\u00eda <\/p>\n\n\n\n<p>  <strong>Practicantes 2025 <\/strong>&#8211; II <\/p>\n\n\n\n<p>  \ud83d\udd34  Luz Vivian Arohuanca Quispe <strong>\u2013 <\/strong>Biolog\u00eda<\/p>\n\n\n\n<p>  \ud83d\udd34  Lizet Condori Vilca <strong>\u2013 <\/strong>Biolog\u00eda<\/p>\n\n\n\n<p>  \ud83d\udd34  Margari Yaque Quille Salguero <strong>\u2013<\/strong> Ingenier\u00eda Agr\u00edcola <\/p>\n\n\n\n<p><\/p>\n\n\n\n<h2 class=\"has-text-align-right\">\ud83d\udc9a S\u00edguenos en: <\/h2>\n\n\n\n<div class=\"wp-block-columns\">\n<div class=\"wp-block-column\" style=\"flex-basis:100%\">\n<div class=\"wp-block-columns\">\n<div class=\"wp-block-column\" style=\"flex-basis:100%\">\n<div class=\"wp-block-group\"><div class=\"wp-block-group__inner-container\">\n<ul class=\"wp-block-social-links alignright items-justified-right is-style-pill-shape\"><li class=\"wp-social-link wp-social-link-facebook wp-block-social-link\"><a href=\"https:\/\/www.facebook.com\/profile.php?id=61552848737780\" aria-label=\"Facebook: https:\/\/www.facebook.com\/profile.php?id=61552848737780\" rel=\"noopener nofollow\" target=\"_blank\" class=\"wp-block-social-link-anchor\"> <svg width=\"24\" height=\"24\" viewBox=\"0 0 24 24\" version=\"1.1\" xmlns=\"http:\/\/www.w3.org\/2000\/svg\" role=\"img\" aria-hidden=\"true\" focusable=\"false\"><path d=\"M12 2C6.5 2 2 6.5 2 12c0 5 3.7 9.1 8.4 9.9v-7H7.9V12h2.5V9.8c0-2.5 1.5-3.9 3.8-3.9 1.1 0 2.2.2 2.2.2v2.5h-1.3c-1.2 0-1.6.8-1.6 1.6V12h2.8l-.4 2.9h-2.3v7C18.3 21.1 22 17 22 12c0-5.5-4.5-10-10-10z\"><\/path><\/svg><\/a><\/li>\n\n<li class=\"wp-social-link wp-social-link-tiktok wp-block-social-link\"><a href=\"https:\/\/www.tiktok.com\/@gestion_ambiental_unap?_t=8pyYE1mm7bJ&#038;_r=1\" aria-label=\"TikTok: https:\/\/www.tiktok.com\/@gestion_ambiental_unap?_t=8pyYE1mm7bJ&amp;_r=1\" rel=\"noopener nofollow\" target=\"_blank\" class=\"wp-block-social-link-anchor\"> <svg width=\"24\" height=\"24\" viewBox=\"0 0 32 32\" version=\"1.1\" xmlns=\"http:\/\/www.w3.org\/2000\/svg\" role=\"img\" aria-hidden=\"true\" focusable=\"false\"><path d=\"M16.708 0.027c1.745-0.027 3.48-0.011 5.213-0.027 0.105 2.041 0.839 4.12 2.333 5.563 1.491 1.479 3.6 2.156 5.652 2.385v5.369c-1.923-0.063-3.855-0.463-5.6-1.291-0.76-0.344-1.468-0.787-2.161-1.24-0.009 3.896 0.016 7.787-0.025 11.667-0.104 1.864-0.719 3.719-1.803 5.255-1.744 2.557-4.771 4.224-7.88 4.276-1.907 0.109-3.812-0.411-5.437-1.369-2.693-1.588-4.588-4.495-4.864-7.615-0.032-0.667-0.043-1.333-0.016-1.984 0.24-2.537 1.495-4.964 3.443-6.615 2.208-1.923 5.301-2.839 8.197-2.297 0.027 1.975-0.052 3.948-0.052 5.923-1.323-0.428-2.869-0.308-4.025 0.495-0.844 0.547-1.485 1.385-1.819 2.333-0.276 0.676-0.197 1.427-0.181 2.145 0.317 2.188 2.421 4.027 4.667 3.828 1.489-0.016 2.916-0.88 3.692-2.145 0.251-0.443 0.532-0.896 0.547-1.417 0.131-2.385 0.079-4.76 0.095-7.145 0.011-5.375-0.016-10.735 0.025-16.093z\" \/><\/svg><\/a><\/li>\n\n\n\n<li class=\"wp-social-link wp-social-link-youtube wp-block-social-link\"><a href=\"https:\/\/www.youtube.com\/channel\/UCXNiRkRvT-iABVFEWZgqR4g\" aria-label=\"YouTube: https:\/\/www.youtube.com\/channel\/UCXNiRkRvT-iABVFEWZgqR4g\" rel=\"noopener nofollow\" target=\"_blank\" class=\"wp-block-social-link-anchor\"> <svg width=\"24\" height=\"24\" viewBox=\"0 0 24 24\" version=\"1.1\" xmlns=\"http:\/\/www.w3.org\/2000\/svg\" role=\"img\" aria-hidden=\"true\" focusable=\"false\"><path d=\"M21.8,8.001c0,0-0.195-1.378-0.795-1.985c-0.76-0.797-1.613-0.801-2.004-0.847c-2.799-0.202-6.997-0.202-6.997-0.202 h-0.009c0,0-4.198,0-6.997,0.202C4.608,5.216,3.756,5.22,2.995,6.016C2.395,6.623,2.2,8.001,2.2,8.001S2,9.62,2,11.238v1.517 c0,1.618,0.2,3.237,0.2,3.237s0.195,1.378,0.795,1.985c0.761,0.797,1.76,0.771,2.205,0.855c1.6,0.153,6.8,0.201,6.8,0.201 s4.203-0.006,7.001-0.209c0.391-0.047,1.243-0.051,2.004-0.847c0.6-0.607,0.795-1.985,0.795-1.985s0.2-1.618,0.2-3.237v-1.517 C22,9.62,21.8,8.001,21.8,8.001z M9.935,14.594l-0.001-5.62l5.404,2.82L9.935,14.594z\"><\/path><\/svg><\/a><\/li><\/ul>\n<\/div><\/div>\n<\/div>\n<\/div>\n<\/div>\n<\/div>\n\n\n\n<p><\/p>\n","protected":false},"excerpt":{"rendered":"<p>Gesti\u00f3n Ambiental: Encargada de planificar, ejecutar, supervisar y evaluar todo lo referente a la gesti\u00f3n de calidad, gesti\u00f3n ambiental y desarrollo sostenible de la Universidad Nacional del Altiplano &#8211; Puno. La Direcci\u00f3n de Proyecci\u00f3n Social y Extensi\u00f3n Cultural es generadora de la interacci\u00f3n con la comunidad para el desarrollo regional a trav\u00e9s de la ciencia, [&hellip;]<\/p>\n","protected":false},"author":1,"featured_media":1103,"parent":0,"menu_order":5,"comment_status":"closed","ping_status":"closed","template":"","meta":{"_links_to":"","_links_to_target":""},"acf":[],"_links":{"self":[{"href":"https:\/\/gestionambiental.unap.edu.pe\/index.php?rest_route=\/wp\/v2\/pages\/63"}],"collection":[{"href":"https:\/\/gestionambiental.unap.edu.pe\/index.php?rest_route=\/wp\/v2\/pages"}],"about":[{"href":"https:\/\/gestionambiental.unap.edu.pe\/index.php?rest_route=\/wp\/v2\/types\/page"}],"author":[{"embeddable":true,"href":"https:\/\/gestionambiental.unap.edu.pe\/index.php?rest_route=\/wp\/v2\/users\/1"}],"replies":[{"embeddable":true,"href":"https:\/\/gestionambiental.unap.edu.pe\/index.php?rest_route=%2Fwp%2Fv2%2Fcomments&post=63"}],"version-history":[{"count":53,"href":"https:\/\/gestionambiental.unap.edu.pe\/index.php?rest_route=\/wp\/v2\/pages\/63\/revisions"}],"predecessor-version":[{"id":1247,"href":"https:\/\/gestionambiental.unap.edu.pe\/index.php?rest_route=\/wp\/v2\/pages\/63\/revisions\/1247"}],"wp:featuredmedia":[{"embeddable":true,"href":"https:\/\/gestionambiental.unap.edu.pe\/index.php?rest_route=\/wp\/v2\/media\/1103"}],"wp:attachment":[{"href":"https:\/\/gestionambiental.unap.edu.pe\/index.php?rest_route=%2Fwp%2Fv2%2Fmedia&parent=63"}],"curies":[{"name":"wp","href":"https:\/\/api.w.org\/{rel}","templated":true}]}}